{"id":68,"date":"2013-04-09T15:07:22","date_gmt":"2013-04-09T13:07:22","guid":{"rendered":"http:\/\/goldener-adler-schwabach.de\/?page_id=68"},"modified":"2018-05-25T22:30:11","modified_gmt":"2018-05-25T20:30:11","slug":"restaurantmenu","status":"publish","type":"page","link":"https:\/\/goldener-adler-schwabach.de\/?page_id=68","title":{"rendered":"Restaurant\/Men\u00fc"},"content":{"rendered":"<p><a href=\"https:\/\/goldener-adler-schwabach.de\/wp-content\/uploads\/2013\/04\/21.jpg\"><img loading=\"lazy\" decoding=\"async\" class=\"alignnone size-full wp-image-141\" src=\"https:\/\/goldener-adler-schwabach.de\/wp-content\/uploads\/2013\/04\/21.jpg\" alt=\"\" width=\"600\" height=\"477\" srcset=\"https:\/\/goldener-adler-schwabach.de\/wp-content\/uploads\/2013\/04\/21.jpg 600w, https:\/\/goldener-adler-schwabach.de\/wp-content\/uploads\/2013\/04\/21-300x238.jpg 300w, https:\/\/goldener-adler-schwabach.de\/wp-content\/uploads\/2013\/04\/21-175x139.jpg 175w\" sizes=\"auto, (max-width: 600px) 100vw, 600px\" \/><\/a><em><span style=\"font-size: xx-large; font-family: verdana,geneva;\">\u00a0\u00a0\u00a0\u00a0\u00a0\u00a0\u00a0\u00a0\u00a0\u00a0\u00a0\u00a0\u00a0\u00a0\u00a0\u00a0\u00a0\u00a0\u00a0\u00a0\u00a0\u00a0\u00a0 <a href=\"https:\/\/goldener-adler-schwabach.de\/wp-content\/uploads\/2013\/04\/21.jpg\"><img loading=\"lazy\" decoding=\"async\" class=\"wp-image-141 alignright\" src=\"https:\/\/goldener-adler-schwabach.de\/wp-content\/uploads\/2013\/04\/21.jpg\" alt=\"2\" width=\"216\" height=\"172\" srcset=\"https:\/\/goldener-adler-schwabach.de\/wp-content\/uploads\/2013\/04\/21.jpg 600w, https:\/\/goldener-adler-schwabach.de\/wp-content\/uploads\/2013\/04\/21-300x238.jpg 300w, https:\/\/goldener-adler-schwabach.de\/wp-content\/uploads\/2013\/04\/21-175x139.jpg 175w\" sizes=\"auto, (max-width: 216px) 100vw, 216px\" \/><\/a><\/span><span style=\"font-family: verdana,geneva;\"><br \/>\n<\/span><\/em><\/p>\n<h1 style=\"font-size: xx-large; font-style: italic; font-weight: bold; text-align: center; list-style-type: square; list-style-position: inside;\">Men\u00fc<\/h1>\n<table style=\"width: 591px; height: 666px;\" border=\"0\" align=\"center\">\n<tbody>\n<tr>\n<td>\n<h2><span style=\"font-family: verdana,geneva;\"><span style=\"color: #94182a;\"><strong>Antipasti <\/strong><\/span><\/span><span style=\"color: #8c2125;\">Vorspeisen<\/span><\/h2>\n<\/td>\n<td><\/td>\n<\/tr>\n<tr>\n<td>Bruschetta al Pomodoro<\/td>\n<td>( Knoblauchbrot mit Oliven\u00f6l und Tomaten )<\/td>\n<\/tr>\n<tr>\n<td>Caprese<\/td>\n<td>( Tomaten und Mozzarella )<\/td>\n<\/tr>\n<tr>\n<td>Antipasto di Verdure<\/td>\n<td>( Gem\u00fcse Vorspeisen )<\/td>\n<\/tr>\n<tr>\n<td>Rinder &#8211; Carpaccio<\/td>\n<td>( Rucola und Parmesank\u00e4se )<\/td>\n<\/tr>\n<tr>\n<td>\n<h2><span style=\"color: #94182a;\">Zuppa &#8211; Suppe<\/span><\/h2>\n<\/td>\n<td><\/td>\n<\/tr>\n<tr>\n<td>Minestrone<\/td>\n<td>(Gem\u00fcsesuppe)<\/td>\n<\/tr>\n<tr>\n<td>Zuppa di Pomodoro<\/td>\n<td>(Tomatensuppe)<\/td>\n<\/tr>\n<tr>\n<td>Tortellini in Brodo<\/td>\n<td>(Gef\u00fcllte Nudeln in der Br\u00fche)<\/td>\n<\/tr>\n<tr>\n<td>Stracciatella<\/td>\n<td>(Suppe mit geschlagenem Ei)<\/td>\n<\/tr>\n<tr>\n<td>\n<h2><span style=\"color: #8c2125;\">Insalata &#8211; Salat<\/span><\/h2>\n<\/td>\n<td><\/td>\n<\/tr>\n<tr>\n<td>Gemischter Salat<\/td>\n<td>\u00a0(gr\u00fcner Salat, Tomaten, und Gurke)<\/td>\n<\/tr>\n<tr>\n<td>Tomatensalat<\/td>\n<td>\u00a0(Tomaten, Zwiebeln und Basilikum)<\/td>\n<\/tr>\n<tr>\n<td>Thunfischsalat<\/td>\n<td><\/td>\n<\/tr>\n<tr>\n<td>Rucolasalat<\/td>\n<td><\/td>\n<\/tr>\n<tr>\n<td>Italienischer Salat<\/td>\n<td><\/td>\n<\/tr>\n<tr>\n<td>Mediterraner Salat<\/td>\n<td><\/td>\n<\/tr>\n<tr>\n<td>\n<h2><span style=\"color: #8c2125;\">\u00a0Spaghetti<\/span><\/h2>\n<\/td>\n<td><\/td>\n<\/tr>\n<tr>\n<td><\/td>\n<td><\/td>\n<\/tr>\n<\/tbody>\n<\/table>\n<h2><span style=\"color: #999999;\">und vieles mehr &#8230;&#8230;..<\/span><\/h2>\n","protected":false},"excerpt":{"rendered":"<p>\u00a0\u00a0\u00a0\u00a0\u00a0\u00a0\u00a0\u00a0\u00a0\u00a0\u00a0\u00a0\u00a0\u00a0\u00a0\u00a0\u00a0\u00a0\u00a0\u00a0\u00a0\u00a0\u00a0 Men\u00fc Antipasti Vorspeisen Bruschetta al Pomodoro ( Knoblauchbrot mit Oliven\u00f6l und Tomaten ) Caprese ( Tomaten und Mozzarella ) Antipasto di Verdure ( Gem\u00fcse Vorspeisen ) Rinder &#8211; Carpaccio ( Rucola und Parmesank\u00e4se ) Zuppa &#8211; Suppe Minestrone (Gem\u00fcsesuppe) Zuppa di Pomodoro (Tomatensuppe) Tortellini in Brodo (Gef\u00fcllte Nudeln in der Br\u00fche) Stracciatella (Suppe mit&hellip;<\/p>\n","protected":false},"author":1,"featured_media":0,"parent":0,"menu_order":0,"comment_status":"open","ping_status":"open","template":"","meta":{"footnotes":""},"class_list":["post-68","page","type-page","status-publish","hentry"],"_links":{"self":[{"href":"https:\/\/goldener-adler-schwabach.de\/index.php?rest_route=\/wp\/v2\/pages\/68","targetHints":{"allow":["GET"]}}],"collection":[{"href":"https:\/\/goldener-adler-schwabach.de\/index.php?rest_route=\/wp\/v2\/pages"}],"about":[{"href":"https:\/\/goldener-adler-schwabach.de\/index.php?rest_route=\/wp\/v2\/types\/page"}],"author":[{"embeddable":true,"href":"https:\/\/goldener-adler-schwabach.de\/index.php?rest_route=\/wp\/v2\/users\/1"}],"replies":[{"embeddable":true,"href":"https:\/\/goldener-adler-schwabach.de\/index.php?rest_route=%2Fwp%2Fv2%2Fcomments&post=68"}],"version-history":[{"count":43,"href":"https:\/\/goldener-adler-schwabach.de\/index.php?rest_route=\/wp\/v2\/pages\/68\/revisions"}],"predecessor-version":[{"id":395,"href":"https:\/\/goldener-adler-schwabach.de\/index.php?rest_route=\/wp\/v2\/pages\/68\/revisions\/395"}],"wp:attachment":[{"href":"https:\/\/goldener-adler-schwabach.de\/index.php?rest_route=%2Fwp%2Fv2%2Fmedia&parent=68"}],"curies":[{"name":"wp","href":"https:\/\/api.w.org\/{rel}","templated":true}]}}