{"id":287,"date":"2013-11-21T21:24:55","date_gmt":"2013-11-21T19:24:55","guid":{"rendered":"http:\/\/goldener-adler-schwabach.de\/?page_id=287"},"modified":"2019-10-11T09:57:21","modified_gmt":"2019-10-11T07:57:21","slug":"catering-und-partyservice","status":"publish","type":"page","link":"https:\/\/goldener-adler-schwabach.de\/?page_id=287","title":{"rendered":"Catering\/Partyservice"},"content":{"rendered":"<div class='gallery'><dl class='gallery-item'>\n\t\t\t<dt class='gallery-icon landscape'>\n\t\t\t\t<a href='https:\/\/goldener-adler-schwabach.de\/wp-content\/uploads\/2013\/11\/21-11-2013-195232.jpg'><img loading=\"lazy\" decoding=\"async\" width=\"150\" height=\"150\" src=\"https:\/\/goldener-adler-schwabach.de\/wp-content\/uploads\/2013\/11\/21-11-2013-195232-150x150.jpg\" class=\"attachment-thumbnail size-thumbnail\" alt=\"Catering und Partyservice\" aria-describedby=\"gallery-1-288\" srcset=\"https:\/\/goldener-adler-schwabach.de\/wp-content\/uploads\/2013\/11\/21-11-2013-195232-150x150.jpg 150w, https:\/\/goldener-adler-schwabach.de\/wp-content\/uploads\/2013\/11\/21-11-2013-195232-110x110.jpg 110w\" sizes=\"auto, (max-width: 150px) 100vw, 150px\" \/><\/a>\n\t\t\t<\/dt>\n\t\t\t\t<dd class='wp-caption-text gallery-caption' id='gallery-1-288'>\n\t\t\t\tCatering und Partyservice\n\t\t\t\t<\/dd><\/dl><dl class='gallery-item'>\n\t\t\t<dt class='gallery-icon landscape'>\n\t\t\t\t<a href='https:\/\/goldener-adler-schwabach.de\/wp-content\/uploads\/2013\/11\/21-11-2013-195840-e1385062469234.jpg'><img loading=\"lazy\" decoding=\"async\" width=\"150\" height=\"150\" src=\"https:\/\/goldener-adler-schwabach.de\/wp-content\/uploads\/2013\/11\/21-11-2013-195840-e1385062469234-150x150.jpg\" class=\"attachment-thumbnail size-thumbnail\" alt=\"Goldener-Adler-Schwabach-Catering und Partyservice\" aria-describedby=\"gallery-1-293\" \/><\/a>\n\t\t\t<\/dt>\n\t\t\t\t<dd class='wp-caption-text gallery-caption' id='gallery-1-293'>\n\t\t\t\tCatering und Partyservice\n\t\t\t\t<\/dd><\/dl><dl class='gallery-item'>\n\t\t\t<dt class='gallery-icon landscape'>\n\t\t\t\t<a href='https:\/\/goldener-adler-schwabach.de\/wp-content\/uploads\/2013\/11\/21-11-2013-195413-e1385061717841.jpg'><img loading=\"lazy\" decoding=\"async\" width=\"150\" height=\"150\" src=\"https:\/\/goldener-adler-schwabach.de\/wp-content\/uploads\/2013\/11\/21-11-2013-195413-e1385061717841-150x150.jpg\" class=\"attachment-thumbnail size-thumbnail\" alt=\"Goldener-Adler-Schwabach-Catering und Partyservice\" aria-describedby=\"gallery-1-289\" \/><\/a>\n\t\t\t<\/dt>\n\t\t\t\t<dd class='wp-caption-text gallery-caption' id='gallery-1-289'>\n\t\t\t\tCatering und Partyservice\n\t\t\t\t<\/dd><\/dl><br style=\"clear: both\" \/><dl class='gallery-item'>\n\t\t\t<dt class='gallery-icon landscape'>\n\t\t\t\t<a href='https:\/\/goldener-adler-schwabach.de\/wp-content\/uploads\/2013\/11\/21-11-2013-195525-e1385062116920.jpg'><img loading=\"lazy\" decoding=\"async\" width=\"150\" height=\"150\" src=\"https:\/\/goldener-adler-schwabach.de\/wp-content\/uploads\/2013\/11\/21-11-2013-195525-e1385062116920-150x150.jpg\" class=\"attachment-thumbnail size-thumbnail\" alt=\"Goldener-Adler-Schwabach-Catering und Partyservice\" aria-describedby=\"gallery-1-290\" \/><\/a>\n\t\t\t<\/dt>\n\t\t\t\t<dd class='wp-caption-text gallery-caption' id='gallery-1-290'>\n\t\t\t\tCatering und Partyservice\n\t\t\t\t<\/dd><\/dl><dl class='gallery-item'>\n\t\t\t<dt class='gallery-icon landscape'>\n\t\t\t\t<a href='https:\/\/goldener-adler-schwabach.de\/wp-content\/uploads\/2013\/11\/21-11-2013-195633-e1385062407444.jpg'><img loading=\"lazy\" decoding=\"async\" width=\"150\" height=\"150\" src=\"https:\/\/goldener-adler-schwabach.de\/wp-content\/uploads\/2013\/11\/21-11-2013-195633-e1385062407444-150x150.jpg\" class=\"attachment-thumbnail size-thumbnail\" alt=\"Goldener-Adler-Schwabach-Catering und Partyservice\" aria-describedby=\"gallery-1-291\" \/><\/a>\n\t\t\t<\/dt>\n\t\t\t\t<dd class='wp-caption-text gallery-caption' id='gallery-1-291'>\n\t\t\t\tCatering und Partyservice\n\t\t\t\t<\/dd><\/dl><dl class='gallery-item'>\n\t\t\t<dt class='gallery-icon landscape'>\n\t\t\t\t<a href='https:\/\/goldener-adler-schwabach.de\/wp-content\/uploads\/2013\/11\/21-11-2013-195736-e1385062353808.jpg'><img loading=\"lazy\" decoding=\"async\" width=\"150\" height=\"150\" src=\"https:\/\/goldener-adler-schwabach.de\/wp-content\/uploads\/2013\/11\/21-11-2013-195736-e1385062353808-150x150.jpg\" class=\"attachment-thumbnail size-thumbnail\" alt=\"Goldener-Adler-Schwabach-Catering und Partyservice\" aria-describedby=\"gallery-1-292\" \/><\/a>\n\t\t\t<\/dt>\n\t\t\t\t<dd class='wp-caption-text gallery-caption' id='gallery-1-292'>\n\t\t\t\tCatering und Partyservice\n\t\t\t\t<\/dd><\/dl><br style=\"clear: both\" \/>\n\t\t<\/div>\n\n<p><span style=\"font-family: tahoma,arial,helvetica,sans-serif;\"><span style=\"font-size: medium; color: #808080;\">Beim<span style=\"background-color: #ffffff;\"><span style=\"background-color: #ffffff; color: #808080;\"><strong> Goldener-Adler Partyservice und Catering aus Schwabach<\/strong><\/span> <\/span>bekommen Sie f\u00fcr Ihre Veranstaltung kalte oder warme K\u00f6stlichkeiten vom Buffet und Fingerfood.<\/span><\/span><\/p>\n<p><span style=\"font-family: tahoma,arial,helvetica,sans-serif; font-size: medium;\"><strong>Bestellen Sie bitte ausschlie\u00dflich online, es ist einfach, bequem und zuverl\u00e4ssig. <\/strong><\/span><span style=\"font-family: tahoma,arial,helvetica,sans-serif; font-size: medium;\">Ihre offenen Fragen werden kurzfristig \u00fcber das <a title=\"Kontakt\" href=\"https:\/\/goldener-adler-schwabach.de\/?page_id=2\">Kontaktformular oder -rufnummer <\/a>&nbsp;beantwortet.<\/span><\/p>\n<p>&nbsp;<\/p>\n<p>Goldener Adler<\/p>\n","protected":false},"excerpt":{"rendered":"<p>Beim Goldener-Adler Partyservice und Catering aus Schwabach bekommen Sie f\u00fcr Ihre Veranstaltung kalte oder warme K\u00f6stlichkeiten vom Buffet und Fingerfood. Bestellen Sie bitte ausschlie\u00dflich online, es ist einfach, bequem und zuverl\u00e4ssig. Ihre offenen Fragen werden kurzfristig \u00fcber das Kontaktformular oder -rufnummer &nbsp;beantwortet. &nbsp; Goldener Adler<\/p>\n","protected":false},"author":1,"featured_media":0,"parent":0,"menu_order":0,"comment_status":"closed","ping_status":"closed","template":"","meta":{"footnotes":""},"class_list":["post-287","page","type-page","status-publish","hentry"],"_links":{"self":[{"href":"https:\/\/goldener-adler-schwabach.de\/index.php?rest_route=\/wp\/v2\/pages\/287","targetHints":{"allow":["GET"]}}],"collection":[{"href":"https:\/\/goldener-adler-schwabach.de\/index.php?rest_route=\/wp\/v2\/pages"}],"about":[{"href":"https:\/\/goldener-adler-schwabach.de\/index.php?rest_route=\/wp\/v2\/types\/page"}],"author":[{"embeddable":true,"href":"https:\/\/goldener-adler-schwabach.de\/index.php?rest_route=\/wp\/v2\/users\/1"}],"replies":[{"embeddable":true,"href":"https:\/\/goldener-adler-schwabach.de\/index.php?rest_route=%2Fwp%2Fv2%2Fcomments&post=287"}],"version-history":[{"count":18,"href":"https:\/\/goldener-adler-schwabach.de\/index.php?rest_route=\/wp\/v2\/pages\/287\/revisions"}],"predecessor-version":[{"id":432,"href":"https:\/\/goldener-adler-schwabach.de\/index.php?rest_route=\/wp\/v2\/pages\/287\/revisions\/432"}],"wp:attachment":[{"href":"https:\/\/goldener-adler-schwabach.de\/index.php?rest_route=%2Fwp%2Fv2%2Fmedia&parent=287"}],"curies":[{"name":"wp","href":"https:\/\/api.w.org\/{rel}","templated":true}]}}